{"id":3,"date":"2025-09-14T15:32:02","date_gmt":"2025-09-14T20:32:02","guid":{"rendered":"https:\/\/andreamejiaasesoria.com\/?page_id=3"},"modified":"2025-09-14T16:37:53","modified_gmt":"2025-09-14T21:37:53","slug":"home","status":"publish","type":"page","link":"https:\/\/andreamejiaasesoria.com\/","title":{"rendered":"Home"},"content":{"rendered":"\t\t<div data-elementor-type=\"wp-page\" data-elementor-id=\"3\" class=\"elementor elementor-3\" data-elementor-post-type=\"page\">\n\t\t\t\t<div class=\"elementor-element elementor-element-ad2c2e8 e-con-full e-flex e-con e-parent\" data-id=\"ad2c2e8\" data-element_type=\"container\">\n\t\t\t\t<div class=\"elementor-element elementor-element-4034972 elementor-widget elementor-widget-image\" data-id=\"4034972\" data-element_type=\"widget\" data-widget_type=\"image.default\">\n\t\t\t\t\t\t\t\t\t\t\t\t\t\t\t<img fetchpriority=\"high\" decoding=\"async\" width=\"1080\" height=\"992\" src=\"https:\/\/andreamejiaasesoria.com\/wp-content\/uploads\/2025\/09\/foto.jpg\" class=\"attachment-large size-large wp-image-7\" alt=\"\" srcset=\"https:\/\/andreamejiaasesoria.com\/wp-content\/uploads\/2025\/09\/foto.jpg 1080w, https:\/\/andreamejiaasesoria.com\/wp-content\/uploads\/2025\/09\/foto-500x459.jpg 500w, https:\/\/andreamejiaasesoria.com\/wp-content\/uploads\/2025\/09\/foto-300x276.jpg 300w, https:\/\/andreamejiaasesoria.com\/wp-content\/uploads\/2025\/09\/foto-768x705.jpg 768w, https:\/\/andreamejiaasesoria.com\/wp-content\/uploads\/2025\/09\/foto-82x75.jpg 82w, https:\/\/andreamejiaasesoria.com\/wp-content\/uploads\/2025\/09\/foto-480x441.jpg 480w\" sizes=\"(max-width:767px) 480px, (max-width:1080px) 100vw, 1080px\" \/>\t\t\t\t\t\t\t\t\t\t\t\t\t\t\t<\/div>\n\t\t\t\t<\/div>\n\t\t<div class=\"elementor-element elementor-element-8faae40 e-flex e-con-boxed e-con e-parent\" data-id=\"8faae40\" data-element_type=\"container\">\n\t\t\t\t\t<div class=\"e-con-inner\">\n\t\t\t\t<div class=\"elementor-element elementor-element-5a85cbc elementor-widget elementor-widget-heading\" data-id=\"5a85cbc\" data-element_type=\"widget\" data-widget_type=\"heading.default\">\n\t\t\t\t\t<h2 class=\"elementor-heading-title elementor-size-default\">20\/09\/2025 <\/h2>\t\t\t\t<\/div>\n\t\t\t\t<div class=\"elementor-element elementor-element-5aa7bd9 elementor-widget elementor-widget-heading\" data-id=\"5aa7bd9\" data-element_type=\"widget\" data-widget_type=\"heading.default\">\n\t\t\t\t\t<h2 class=\"elementor-heading-title elementor-size-default\">3:00 p.m.<\/h2>\t\t\t\t<\/div>\n\t\t\t\t<div class=\"elementor-element elementor-element-bcac19f elementor-widget elementor-widget-image\" data-id=\"bcac19f\" data-element_type=\"widget\" data-widget_type=\"image.default\">\n\t\t\t\t\t\t\t\t\t\t\t\t\t\t\t<img decoding=\"async\" width=\"232\" height=\"123\" src=\"https:\/\/andreamejiaasesoria.com\/wp-content\/uploads\/2025\/09\/home_wedding2_pic4.png\" class=\"attachment-large size-large wp-image-11\" alt=\"\" srcset=\"https:\/\/andreamejiaasesoria.com\/wp-content\/uploads\/2025\/09\/home_wedding2_pic4.png 232w, https:\/\/andreamejiaasesoria.com\/wp-content\/uploads\/2025\/09\/home_wedding2_pic4-141x75.png 141w\" sizes=\"(max-width:767px) 232px, 232px\" \/>\t\t\t\t\t\t\t\t\t\t\t\t\t\t\t<\/div>\n\t\t\t\t<div class=\"elementor-element elementor-element-e2899a6 elementor-widget elementor-widget-heading\" data-id=\"e2899a6\" data-element_type=\"widget\" data-widget_type=\"heading.default\">\n\t\t\t\t\t<h2 class=\"elementor-heading-title elementor-size-default\">Edward  &amp; Jenny<\/h2>\t\t\t\t<\/div>\n\t\t\t\t\t<\/div>\n\t\t\t\t<\/div>\n\t\t<div class=\"elementor-element elementor-element-4e924d2 e-flex e-con-boxed e-con e-parent\" data-id=\"4e924d2\" data-element_type=\"container\">\n\t\t\t\t\t<div class=\"e-con-inner\">\n\t\t\t\t<div class=\"elementor-element elementor-element-45ee9ef elementor-widget__width-initial elementor-widget elementor-widget-heading\" data-id=\"45ee9ef\" data-element_type=\"widget\" data-widget_type=\"heading.default\">\n\t\t\t\t\t<h2 class=\"elementor-heading-title elementor-size-default\">Queremos que nos acompa\u00f1es en este d\u00eda tan espacial para nosotros<\/h2>\t\t\t\t<\/div>\n\t\t\t\t\t<\/div>\n\t\t\t\t<\/div>\n\t\t<div class=\"elementor-element elementor-element-e331002 e-flex e-con-boxed e-con e-parent\" data-id=\"e331002\" data-element_type=\"container\">\n\t\t\t\t\t<div class=\"e-con-inner\">\n\t\t\t\t<div class=\"elementor-element elementor-element-5c4e837 elementor-widget elementor-widget-heading\" data-id=\"5c4e837\" data-element_type=\"widget\" data-widget_type=\"heading.default\">\n\t\t\t\t\t<h2 class=\"elementor-heading-title elementor-size-default\">C\u00f3digo de vestimenta<\/h2>\t\t\t\t<\/div>\n\t\t\t\t<div class=\"elementor-element elementor-element-8b1de8f elementor-widget elementor-widget-heading\" data-id=\"8b1de8f\" data-element_type=\"widget\" data-widget_type=\"heading.default\">\n\t\t\t\t\t<h2 class=\"elementor-heading-title elementor-size-default\">COLORES PERMITIDOS<\/h2>\t\t\t\t<\/div>\n\t\t\t\t<div class=\"elementor-element elementor-element-c8b9e43 elementor-widget elementor-widget-image\" data-id=\"c8b9e43\" data-element_type=\"widget\" data-widget_type=\"image.default\">\n\t\t\t\t\t\t\t\t\t\t\t\t\t\t\t<img decoding=\"async\" width=\"1200\" height=\"348\" src=\"https:\/\/andreamejiaasesoria.com\/wp-content\/uploads\/2025\/09\/Sin-titulo-5-1200x348.png\" class=\"attachment-large size-large wp-image-62\" alt=\"\" srcset=\"https:\/\/andreamejiaasesoria.com\/wp-content\/uploads\/2025\/09\/Sin-titulo-5-1200x348.png 1200w, https:\/\/andreamejiaasesoria.com\/wp-content\/uploads\/2025\/09\/Sin-titulo-5-500x145.png 500w, https:\/\/andreamejiaasesoria.com\/wp-content\/uploads\/2025\/09\/Sin-titulo-5-300x87.png 300w, https:\/\/andreamejiaasesoria.com\/wp-content\/uploads\/2025\/09\/Sin-titulo-5-768x223.png 768w, https:\/\/andreamejiaasesoria.com\/wp-content\/uploads\/2025\/09\/Sin-titulo-5-150x44.png 150w, https:\/\/andreamejiaasesoria.com\/wp-content\/uploads\/2025\/09\/Sin-titulo-5-480x139.png 480w, https:\/\/andreamejiaasesoria.com\/wp-content\/uploads\/2025\/09\/Sin-titulo-5.png 1388w\" sizes=\"(max-width:767px) 480px, (max-width:1200px) 100vw, 1200px\" \/>\t\t\t\t\t\t\t\t\t\t\t\t\t\t\t<\/div>\n\t\t\t\t\t<\/div>\n\t\t\t\t<\/div>\n\t\t<div class=\"elementor-element elementor-element-1849651 e-flex e-con-boxed e-con e-parent\" data-id=\"1849651\" data-element_type=\"container\">\n\t\t\t\t\t<div class=\"e-con-inner\">\n\t\t<div class=\"elementor-element elementor-element-83c9e62 e-con-full e-flex e-con e-child\" data-id=\"83c9e62\" data-element_type=\"container\">\n\t\t\t\t<div class=\"elementor-element elementor-element-b4040b2 elementor-widget elementor-widget-image\" data-id=\"b4040b2\" data-element_type=\"widget\" data-widget_type=\"image.default\">\n\t\t\t\t\t\t\t\t\t\t\t\t\t\t\t<img loading=\"lazy\" decoding=\"async\" width=\"134\" height=\"204\" src=\"https:\/\/andreamejiaasesoria.com\/wp-content\/uploads\/2025\/09\/mujeres.png\" class=\"attachment-large size-large wp-image-13\" alt=\"\" srcset=\"https:\/\/andreamejiaasesoria.com\/wp-content\/uploads\/2025\/09\/mujeres.png 134w, https:\/\/andreamejiaasesoria.com\/wp-content\/uploads\/2025\/09\/mujeres-49x75.png 49w\" sizes=\"(max-width:767px) 134px, 134px\" \/>\t\t\t\t\t\t\t\t\t\t\t\t\t\t\t<\/div>\n\t\t\t\t<div class=\"elementor-element elementor-element-56ece97 elementor-widget elementor-widget-text-editor\" data-id=\"56ece97\" data-element_type=\"widget\" data-widget_type=\"text-editor.default\">\n\t\t\t\t\t\t\t\t\t<p>VESTIDO LARGO<\/p><p>TACONES ABIERTOS O CERRADOS<\/p><p><strong>Nos reservamos los colores: blanco, beige, negro, rojo.<\/strong><\/p>\t\t\t\t\t\t\t\t<\/div>\n\t\t\t\t<\/div>\n\t\t<div class=\"elementor-element elementor-element-fb0ac4c e-con-full e-flex e-con e-child\" data-id=\"fb0ac4c\" data-element_type=\"container\">\n\t\t\t\t<div class=\"elementor-element elementor-element-c3f79d7 elementor-widget elementor-widget-image\" data-id=\"c3f79d7\" data-element_type=\"widget\" data-widget_type=\"image.default\">\n\t\t\t\t\t\t\t\t\t\t\t\t\t\t\t<img loading=\"lazy\" decoding=\"async\" width=\"133\" height=\"201\" src=\"https:\/\/andreamejiaasesoria.com\/wp-content\/uploads\/2025\/09\/hombre.png\" class=\"attachment-large size-large wp-image-14\" alt=\"\" srcset=\"https:\/\/andreamejiaasesoria.com\/wp-content\/uploads\/2025\/09\/hombre.png 133w, https:\/\/andreamejiaasesoria.com\/wp-content\/uploads\/2025\/09\/hombre-50x75.png 50w\" sizes=\"(max-width:767px) 133px, 133px\" \/>\t\t\t\t\t\t\t\t\t\t\t\t\t\t\t<\/div>\n\t\t\t\t<div class=\"elementor-element elementor-element-6753104 elementor-widget elementor-widget-text-editor\" data-id=\"6753104\" data-element_type=\"widget\" data-widget_type=\"text-editor.default\">\n\t\t\t\t\t\t\t\t\t<p>TRAJE FORMAL<\/p><p>ZAPATO FORMAL &amp; CORBATA<\/p><p><strong>Nos reservamos el color azul Oscuro.<\/strong><\/p>\t\t\t\t\t\t\t\t<\/div>\n\t\t\t\t<\/div>\n\t\t\t\t\t<\/div>\n\t\t\t\t<\/div>\n\t\t<div class=\"elementor-element elementor-element-2778641 e-flex e-con-boxed e-con e-parent\" data-id=\"2778641\" data-element_type=\"container\">\n\t\t\t\t\t<div class=\"e-con-inner\">\n\t\t\t\t<div class=\"elementor-element elementor-element-54e231c elementor-widget elementor-widget-heading\" data-id=\"54e231c\" data-element_type=\"widget\" data-widget_type=\"heading.default\">\n\t\t\t\t\t<h2 class=\"elementor-heading-title elementor-size-default\">\u00bfC\u00f3mo llegar?<\/h2>\t\t\t\t<\/div>\n\t\t\t\t<div class=\"elementor-element elementor-element-a860215 elementor-align-center elementor-widget elementor-widget-button\" data-id=\"a860215\" data-element_type=\"widget\" data-widget_type=\"button.default\">\n\t\t\t\t\t\t\t\t\t\t<a class=\"elementor-button elementor-button-link elementor-size-sm\" href=\"https:\/\/www.google.com\/maps?q=3.864719867706299,-76.55409240722656&#038;z=17&#038;hl=es\">\n\t\t\t\t\t\t<span class=\"elementor-button-content-wrapper\">\n\t\t\t\t\t\t<span class=\"elementor-button-icon\">\n\t\t\t\t<svg aria-hidden=\"true\" class=\"e-font-icon-svg e-fas-map-marker-alt\" viewBox=\"0 0 384 512\" xmlns=\"http:\/\/www.w3.org\/2000\/svg\"><path d=\"M172.268 501.67C26.97 291.031 0 269.413 0 192 0 85.961 85.961 0 192 0s192 85.961 192 192c0 77.413-26.97 99.031-172.268 309.67-9.535 13.774-29.93 13.773-39.464 0zM192 272c44.183 0 80-35.817 80-80s-35.817-80-80-80-80 35.817-80 80 35.817 80 80 80z\"><\/path><\/svg>\t\t\t<\/span>\n\t\t\t\t\t\t\t\t\t<span class=\"elementor-button-text\">Finca Casa Nueva<\/span>\n\t\t\t\t\t<\/span>\n\t\t\t\t\t<\/a>\n\t\t\t\t\t\t\t\t<\/div>\n\t\t\t\t<div class=\"elementor-element elementor-element-ff18be0 elementor-align-center elementor-widget elementor-widget-button\" data-id=\"ff18be0\" data-element_type=\"widget\" data-widget_type=\"button.default\">\n\t\t\t\t\t\t\t\t\t\t<a class=\"elementor-button elementor-button-link elementor-size-sm\" href=\"https:\/\/wa.me\/573168705069?text=Confirmo%20asistencia\">\n\t\t\t\t\t\t<span class=\"elementor-button-content-wrapper\">\n\t\t\t\t\t\t<span class=\"elementor-button-icon\">\n\t\t\t\t<svg aria-hidden=\"true\" class=\"e-font-icon-svg e-fab-whatsapp\" viewBox=\"0 0 448 512\" xmlns=\"http:\/\/www.w3.org\/2000\/svg\"><path d=\"M380.9 97.1C339 55.1 283.2 32 223.9 32c-122.4 0-222 99.6-222 222 0 39.1 10.2 77.3 29.6 111L0 480l117.7-30.9c32.4 17.7 68.9 27 106.1 27h.1c122.3 0 224.1-99.6 224.1-222 0-59.3-25.2-115-67.1-157zm-157 341.6c-33.2 0-65.7-8.9-94-25.7l-6.7-4-69.8 18.3L72 359.2l-4.4-7c-18.5-29.4-28.2-63.3-28.2-98.2 0-101.7 82.8-184.5 184.6-184.5 49.3 0 95.6 19.2 130.4 54.1 34.8 34.9 56.2 81.2 56.1 130.5 0 101.8-84.9 184.6-186.6 184.6zm101.2-138.2c-5.5-2.8-32.8-16.2-37.9-18-5.1-1.9-8.8-2.8-12.5 2.8-3.7 5.6-14.3 18-17.6 21.8-3.2 3.7-6.5 4.2-12 1.4-32.6-16.3-54-29.1-75.5-66-5.7-9.8 5.7-9.1 16.3-30.3 1.8-3.7.9-6.9-.5-9.7-1.4-2.8-12.5-30.1-17.1-41.2-4.5-10.8-9.1-9.3-12.5-9.5-3.2-.2-6.9-.2-10.6-.2-3.7 0-9.7 1.4-14.8 6.9-5.1 5.6-19.4 19-19.4 46.3 0 27.3 19.9 53.7 22.6 57.4 2.8 3.7 39.1 59.7 94.8 83.8 35.2 15.2 49 16.5 66.6 13.9 10.7-1.6 32.8-13.4 37.4-26.4 4.6-13 4.6-24.1 3.2-26.4-1.3-2.5-5-3.9-10.5-6.6z\"><\/path><\/svg>\t\t\t<\/span>\n\t\t\t\t\t\t\t\t\t<span class=\"elementor-button-text\">Confirmar Asistencia<\/span>\n\t\t\t\t\t<\/span>\n\t\t\t\t\t<\/a>\n\t\t\t\t\t\t\t\t<\/div>\n\t\t\t\t\t<\/div>\n\t\t\t\t<\/div>\n\t\t<div class=\"elementor-element elementor-element-ed7dd60 e-flex e-con-boxed e-con e-parent\" data-id=\"ed7dd60\" data-element_type=\"container\">\n\t\t\t\t\t<div class=\"e-con-inner\">\n\t\t\t\t<div class=\"elementor-element elementor-element-447020d elementor-widget elementor-widget-heading\" data-id=\"447020d\" data-element_type=\"widget\" data-widget_type=\"heading.default\">\n\t\t\t\t\t<h2 class=\"elementor-heading-title elementor-size-default\">1 Pedro 5:10<\/h2>\t\t\t\t<\/div>\n\t\t\t\t<div class=\"elementor-element elementor-element-4a380af elementor-widget__width-initial elementor-widget elementor-widget-text-editor\" data-id=\"4a380af\" data-element_type=\"widget\" data-widget_type=\"text-editor.default\">\n\t\t\t\t\t\t\t\t\t<p>Mas el Dios de toda gracia, que nos llam\u00f3 a su gloria eterna en Jesucristo, despu\u00e9s que hay\u00e1is padecido un poco de tiempo, \u00e9l mismo os perfeccione, afirme, fortalezca y establezca.<\/p>\t\t\t\t\t\t\t\t<\/div>\n\t\t\t\t\t<\/div>\n\t\t\t\t<\/div>\n\t\t<div class=\"elementor-element elementor-element-77c0836 e-flex e-con-boxed e-con e-parent\" data-id=\"77c0836\" data-element_type=\"container\">\n\t\t\t\t\t<div class=\"e-con-inner\">\n\t\t\t\t<div class=\"elementor-element elementor-element-358e289 elementor-widget elementor-widget-heading\" data-id=\"358e289\" data-element_type=\"widget\" data-widget_type=\"heading.default\">\n\t\t\t\t\t<h2 class=\"elementor-heading-title elementor-size-default\">Recomendaciones Importantes:<\/h2>\t\t\t\t<\/div>\n\t\t\t\t<div class=\"elementor-element elementor-element-bdea417 elementor-widget elementor-widget-text-editor\" data-id=\"bdea417\" data-element_type=\"widget\" data-widget_type=\"text-editor.default\">\n\t\t\t\t\t\t\t\t\t<ul>\n<li data-start=\"140\" data-end=\"263\">\n<p data-start=\"143\" data-end=\"263\"><strong data-start=\"143\" data-end=\"171\">Por favor, llega puntual<\/strong><br data-start=\"171\" data-end=\"174\">As\u00ed podremos aprovechar cada instante y capturar todos los momentos m\u00e1gicos sin prisas.<span style=\"letter-spacing: 0px;\">.<\/span><\/p><\/li>\n<li data-start=\"431\" data-end=\"573\">\n<p data-start=\"434\" data-end=\"573\"><strong data-start=\"434\" data-end=\"458\">Cuidemos el encuadre<\/strong><br data-start=\"458\" data-end=\"461\">Si no est\u00e1s en la foto, te agradecemos que te mantengas fuera del \u00e1rea para que las im\u00e1genes salgan perfectas.<\/p>\n<\/li>\n<\/ul>\t\t\t\t\t\t\t\t<\/div>\n\t\t\t\t\t<\/div>\n\t\t\t\t<\/div>\n\t\t\t\t<\/div>\n\t\t","protected":false},"excerpt":{"rendered":"<p>20\/09\/2025 3:00 p.m. Edward &amp; Jenny Queremos que nos acompa\u00f1es en este d\u00eda tan espacial para nosotros C\u00f3digo de vestimenta COLORES PERMITIDOS VESTIDO LARGO TACONES ABIERTOS<span class=\"excerpt-hellip\"> [\u2026]<\/span><\/p>\n","protected":false},"author":1,"featured_media":0,"parent":0,"menu_order":0,"comment_status":"closed","ping_status":"closed","template":"elementor_header_footer","meta":{"footnotes":""},"class_list":["post-3","page","type-page","status-publish","hentry"],"_links":{"self":[{"href":"https:\/\/andreamejiaasesoria.com\/index.php\/wp-json\/wp\/v2\/pages\/3","targetHints":{"allow":["GET"]}}],"collection":[{"href":"https:\/\/andreamejiaasesoria.com\/index.php\/wp-json\/wp\/v2\/pages"}],"about":[{"href":"https:\/\/andreamejiaasesoria.com\/index.php\/wp-json\/wp\/v2\/types\/page"}],"author":[{"embeddable":true,"href":"https:\/\/andreamejiaasesoria.com\/index.php\/wp-json\/wp\/v2\/users\/1"}],"replies":[{"embeddable":true,"href":"https:\/\/andreamejiaasesoria.com\/index.php\/wp-json\/wp\/v2\/comments?post=3"}],"version-history":[{"count":64,"href":"https:\/\/andreamejiaasesoria.com\/index.php\/wp-json\/wp\/v2\/pages\/3\/revisions"}],"predecessor-version":[{"id":86,"href":"https:\/\/andreamejiaasesoria.com\/index.php\/wp-json\/wp\/v2\/pages\/3\/revisions\/86"}],"wp:attachment":[{"href":"https:\/\/andreamejiaasesoria.com\/index.php\/wp-json\/wp\/v2\/media?parent=3"}],"curies":[{"name":"wp","href":"https:\/\/api.w.org\/{rel}","templated":true}]}}